{"id":334,"date":"2021-03-08T19:46:36","date_gmt":"2021-03-08T19:46:36","guid":{"rendered":"https:\/\/susabor.net\/producto\/panela-prepartida-su-sabor-cane-sugar-su-sabor-x-16oz\/"},"modified":"2025-03-17T16:18:41","modified_gmt":"2025-03-17T16:18:41","slug":"panela-prepartida-su-sabor-cane-sugar-su-sabor-x-16oz","status":"publish","type":"product","link":"https:\/\/susabor.net\/en\/product\/panela-prepartida-su-sabor-cane-sugar-su-sabor-x-16oz\/","title":{"rendered":"PANELA PREPARTIDA SU SABOR X 16OZ | CAJ. 24 UND."},"content":{"rendered":"<p>Panela 16 oz.<br \/>\nPanela Prepartida producida con la mejor ca\u00f1a de az\u00facar 1 Unidad 454 gr<\/p>\n","protected":false},"excerpt":{"rendered":"<p><span style=\"font-weight: 400;\">Disfruta de la PANELA PREPARTIDA SU SABOR (454 g | Caja de 24 unidades), elaborada con la mejor ca\u00f1a de az\u00facar y presentada en porciones pr\u00e1cticas. Perfecta para endulzar tus bebidas y recetas con un toque natural y tradicional. <\/span><\/p>\n<p><span style=\"font-weight: 400;\">\u00a1La dulzura de siempre, ahora m\u00e1s c\u00f3moda!<\/span><\/p>\n","protected":false},"featured_media":3743,"comment_status":"open","ping_status":"closed","template":"","meta":[],"product_brand":[],"product_cat":[36,35],"product_tag":[],"class_list":{"0":"post-334","1":"product","2":"type-product","3":"status-publish","4":"has-post-thumbnail","6":"product_cat-panela","7":"product_cat-sugar","9":"first","10":"instock","11":"shipping-taxable","12":"purchasable","13":"product-type-simple"},"yoast_head":"<!-- This site is optimized with the Yoast SEO plugin v27.3 - https:\/\/yoast.com\/product\/yoast-seo-wordpress\/ -->\n<title>PANELA PREPARTIDA SU SABOR X 16OZ | CAJ. 24 UND. - Su Sabor<\/title>\n<meta name=\"description\" content=\"PANELA PREPARTIDA SU SABOR (454 g | Caja de 24 unidades), elaborada con la mejor ca\u00f1a de az\u00facar y presentada en porciones pr\u00e1cticas. Perfecta para endulzar tus bebidas y recetas con un toque natural y tradicional.\" \/>\n<meta name=\"robots\" content=\"index, follow, max-snippet:-1, max-image-preview:large, max-video-preview:-1\" \/>\n<link rel=\"canonical\" href=\"https:\/\/susabor.net\/en\/product\/panela-prepartida-su-sabor-cane-sugar-su-sabor-x-16oz\/\" \/>\n<meta property=\"og:locale\" content=\"en_US\" \/>\n<meta property=\"og:type\" content=\"article\" \/>\n<meta property=\"og:title\" content=\"PANELA PREPARTIDA SU SABOR X 16OZ | CAJ. 24 UND. - Su Sabor\" \/>\n<meta property=\"og:description\" content=\"PANELA PREPARTIDA SU SABOR (454 g | Caja de 24 unidades), elaborada con la mejor ca\u00f1a de az\u00facar y presentada en porciones pr\u00e1cticas. Perfecta para endulzar tus bebidas y recetas con un toque natural y tradicional.\" \/>\n<meta property=\"og:url\" content=\"https:\/\/susabor.net\/en\/product\/panela-prepartida-su-sabor-cane-sugar-su-sabor-x-16oz\/\" \/>\n<meta property=\"og:site_name\" content=\"Su Sabor\" \/>\n<meta property=\"article:publisher\" content=\"https:\/\/www.facebook.com\/susaborlatintaste\" \/>\n<meta property=\"article:modified_time\" content=\"2025-03-17T16:18:41+00:00\" \/>\n<meta property=\"og:image\" content=\"https:\/\/susabor.net\/wp-content\/uploads\/2021\/03\/Panela_Prepartida-2.jpg\" \/>\n\t<meta property=\"og:image:width\" content=\"1000\" \/>\n\t<meta property=\"og:image:height\" content=\"1000\" \/>\n\t<meta property=\"og:image:type\" content=\"image\/jpeg\" \/>\n<meta name=\"twitter:card\" content=\"summary_large_image\" \/>\n<meta name=\"twitter:label1\" content=\"Est. reading time\" \/>\n\t<meta name=\"twitter:data1\" content=\"1 minute\" \/>\n<script type=\"application\/ld+json\" class=\"yoast-schema-graph\">{\"@context\":\"https:\\\/\\\/schema.org\",\"@graph\":[{\"@type\":\"WebPage\",\"@id\":\"https:\\\/\\\/susabor.net\\\/en\\\/product\\\/panela-prepartida-su-sabor-cane-sugar-su-sabor-x-16oz\\\/\",\"url\":\"https:\\\/\\\/susabor.net\\\/en\\\/product\\\/panela-prepartida-su-sabor-cane-sugar-su-sabor-x-16oz\\\/\",\"name\":\"PANELA PREPARTIDA SU SABOR X 16OZ | CAJ. 24 UND. - Su Sabor\",\"isPartOf\":{\"@id\":\"https:\\\/\\\/susabor.net\\\/en\\\/#website\"},\"primaryImageOfPage\":{\"@id\":\"https:\\\/\\\/susabor.net\\\/en\\\/product\\\/panela-prepartida-su-sabor-cane-sugar-su-sabor-x-16oz\\\/#primaryimage\"},\"image\":{\"@id\":\"https:\\\/\\\/susabor.net\\\/en\\\/product\\\/panela-prepartida-su-sabor-cane-sugar-su-sabor-x-16oz\\\/#primaryimage\"},\"thumbnailUrl\":\"https:\\\/\\\/susabor.net\\\/wp-content\\\/uploads\\\/2021\\\/03\\\/Panela_Prepartida-2.jpg\",\"datePublished\":\"2021-03-08T19:46:36+00:00\",\"dateModified\":\"2025-03-17T16:18:41+00:00\",\"description\":\"PANELA PREPARTIDA SU SABOR (454 g | Caja de 24 unidades), elaborada con la mejor ca\u00f1a de az\u00facar y presentada en porciones pr\u00e1cticas. Perfecta para endulzar tus bebidas y recetas con un toque natural y tradicional.\",\"breadcrumb\":{\"@id\":\"https:\\\/\\\/susabor.net\\\/en\\\/product\\\/panela-prepartida-su-sabor-cane-sugar-su-sabor-x-16oz\\\/#breadcrumb\"},\"inLanguage\":\"en-US\",\"potentialAction\":[{\"@type\":\"ReadAction\",\"target\":[\"https:\\\/\\\/susabor.net\\\/en\\\/product\\\/panela-prepartida-su-sabor-cane-sugar-su-sabor-x-16oz\\\/\"]}]},{\"@type\":\"ImageObject\",\"inLanguage\":\"en-US\",\"@id\":\"https:\\\/\\\/susabor.net\\\/en\\\/product\\\/panela-prepartida-su-sabor-cane-sugar-su-sabor-x-16oz\\\/#primaryimage\",\"url\":\"https:\\\/\\\/susabor.net\\\/wp-content\\\/uploads\\\/2021\\\/03\\\/Panela_Prepartida-2.jpg\",\"contentUrl\":\"https:\\\/\\\/susabor.net\\\/wp-content\\\/uploads\\\/2021\\\/03\\\/Panela_Prepartida-2.jpg\",\"width\":1000,\"height\":1000,\"caption\":\"PANELA PREPARTIDA SU SABOR X 16OZ | CAJ. 24 UND.\"},{\"@type\":\"BreadcrumbList\",\"@id\":\"https:\\\/\\\/susabor.net\\\/en\\\/product\\\/panela-prepartida-su-sabor-cane-sugar-su-sabor-x-16oz\\\/#breadcrumb\",\"itemListElement\":[{\"@type\":\"ListItem\",\"position\":1,\"name\":\"Home\",\"item\":\"https:\\\/\\\/susabor.net\\\/en\\\/\"},{\"@type\":\"ListItem\",\"position\":2,\"name\":\"Products\",\"item\":\"https:\\\/\\\/susabor.net\\\/en\\\/shop\\\/\"},{\"@type\":\"ListItem\",\"position\":3,\"name\":\"PANELA PREPARTIDA SU SABOR X 16OZ | CAJ. 24 UND.\"}]},{\"@type\":\"WebSite\",\"@id\":\"https:\\\/\\\/susabor.net\\\/en\\\/#website\",\"url\":\"https:\\\/\\\/susabor.net\\\/en\\\/\",\"name\":\"susabor.net\",\"description\":\"\",\"potentialAction\":[{\"@type\":\"SearchAction\",\"target\":{\"@type\":\"EntryPoint\",\"urlTemplate\":\"https:\\\/\\\/susabor.net\\\/en\\\/?s={search_term_string}\"},\"query-input\":{\"@type\":\"PropertyValueSpecification\",\"valueRequired\":true,\"valueName\":\"search_term_string\"}}],\"inLanguage\":\"en-US\"}]}<\/script>\n<!-- \/ Yoast SEO plugin. -->","yoast_head_json":{"title":"PANELA PREPARTIDA SU SABOR X 16OZ | CAJ. 24 UND. - Su Sabor","description":"PANELA PREPARTIDA SU SABOR (454 g | Caja de 24 unidades), elaborada con la mejor ca\u00f1a de az\u00facar y presentada en porciones pr\u00e1cticas. Perfecta para endulzar tus bebidas y recetas con un toque natural y tradicional.","robots":{"index":"index","follow":"follow","max-snippet":"max-snippet:-1","max-image-preview":"max-image-preview:large","max-video-preview":"max-video-preview:-1"},"canonical":"https:\/\/susabor.net\/en\/product\/panela-prepartida-su-sabor-cane-sugar-su-sabor-x-16oz\/","og_locale":"en_US","og_type":"article","og_title":"PANELA PREPARTIDA SU SABOR X 16OZ | CAJ. 24 UND. - Su Sabor","og_description":"PANELA PREPARTIDA SU SABOR (454 g | Caja de 24 unidades), elaborada con la mejor ca\u00f1a de az\u00facar y presentada en porciones pr\u00e1cticas. Perfecta para endulzar tus bebidas y recetas con un toque natural y tradicional.","og_url":"https:\/\/susabor.net\/en\/product\/panela-prepartida-su-sabor-cane-sugar-su-sabor-x-16oz\/","og_site_name":"Su Sabor","article_publisher":"https:\/\/www.facebook.com\/susaborlatintaste","article_modified_time":"2025-03-17T16:18:41+00:00","og_image":[{"width":1000,"height":1000,"url":"https:\/\/susabor.net\/wp-content\/uploads\/2021\/03\/Panela_Prepartida-2.jpg","type":"image\/jpeg"}],"twitter_card":"summary_large_image","twitter_misc":{"Est. reading time":"1 minute"},"schema":{"@context":"https:\/\/schema.org","@graph":[{"@type":"WebPage","@id":"https:\/\/susabor.net\/en\/product\/panela-prepartida-su-sabor-cane-sugar-su-sabor-x-16oz\/","url":"https:\/\/susabor.net\/en\/product\/panela-prepartida-su-sabor-cane-sugar-su-sabor-x-16oz\/","name":"PANELA PREPARTIDA SU SABOR X 16OZ | CAJ. 24 UND. - Su Sabor","isPartOf":{"@id":"https:\/\/susabor.net\/en\/#website"},"primaryImageOfPage":{"@id":"https:\/\/susabor.net\/en\/product\/panela-prepartida-su-sabor-cane-sugar-su-sabor-x-16oz\/#primaryimage"},"image":{"@id":"https:\/\/susabor.net\/en\/product\/panela-prepartida-su-sabor-cane-sugar-su-sabor-x-16oz\/#primaryimage"},"thumbnailUrl":"https:\/\/susabor.net\/wp-content\/uploads\/2021\/03\/Panela_Prepartida-2.jpg","datePublished":"2021-03-08T19:46:36+00:00","dateModified":"2025-03-17T16:18:41+00:00","description":"PANELA PREPARTIDA SU SABOR (454 g | Caja de 24 unidades), elaborada con la mejor ca\u00f1a de az\u00facar y presentada en porciones pr\u00e1cticas. Perfecta para endulzar tus bebidas y recetas con un toque natural y tradicional.","breadcrumb":{"@id":"https:\/\/susabor.net\/en\/product\/panela-prepartida-su-sabor-cane-sugar-su-sabor-x-16oz\/#breadcrumb"},"inLanguage":"en-US","potentialAction":[{"@type":"ReadAction","target":["https:\/\/susabor.net\/en\/product\/panela-prepartida-su-sabor-cane-sugar-su-sabor-x-16oz\/"]}]},{"@type":"ImageObject","inLanguage":"en-US","@id":"https:\/\/susabor.net\/en\/product\/panela-prepartida-su-sabor-cane-sugar-su-sabor-x-16oz\/#primaryimage","url":"https:\/\/susabor.net\/wp-content\/uploads\/2021\/03\/Panela_Prepartida-2.jpg","contentUrl":"https:\/\/susabor.net\/wp-content\/uploads\/2021\/03\/Panela_Prepartida-2.jpg","width":1000,"height":1000,"caption":"PANELA PREPARTIDA SU SABOR X 16OZ | CAJ. 24 UND."},{"@type":"BreadcrumbList","@id":"https:\/\/susabor.net\/en\/product\/panela-prepartida-su-sabor-cane-sugar-su-sabor-x-16oz\/#breadcrumb","itemListElement":[{"@type":"ListItem","position":1,"name":"Home","item":"https:\/\/susabor.net\/en\/"},{"@type":"ListItem","position":2,"name":"Products","item":"https:\/\/susabor.net\/en\/shop\/"},{"@type":"ListItem","position":3,"name":"PANELA PREPARTIDA SU SABOR X 16OZ | CAJ. 24 UND."}]},{"@type":"WebSite","@id":"https:\/\/susabor.net\/en\/#website","url":"https:\/\/susabor.net\/en\/","name":"susabor.net","description":"","potentialAction":[{"@type":"SearchAction","target":{"@type":"EntryPoint","urlTemplate":"https:\/\/susabor.net\/en\/?s={search_term_string}"},"query-input":{"@type":"PropertyValueSpecification","valueRequired":true,"valueName":"search_term_string"}}],"inLanguage":"en-US"}]}},"_links":{"self":[{"href":"https:\/\/susabor.net\/en\/wp-json\/wp\/v2\/product\/334","targetHints":{"allow":["GET"]}}],"collection":[{"href":"https:\/\/susabor.net\/en\/wp-json\/wp\/v2\/product"}],"about":[{"href":"https:\/\/susabor.net\/en\/wp-json\/wp\/v2\/types\/product"}],"replies":[{"embeddable":true,"href":"https:\/\/susabor.net\/en\/wp-json\/wp\/v2\/comments?post=334"}],"version-history":[{"count":1,"href":"https:\/\/susabor.net\/en\/wp-json\/wp\/v2\/product\/334\/revisions"}],"predecessor-version":[{"id":3746,"href":"https:\/\/susabor.net\/en\/wp-json\/wp\/v2\/product\/334\/revisions\/3746"}],"wp:featuredmedia":[{"embeddable":true,"href":"https:\/\/susabor.net\/en\/wp-json\/wp\/v2\/media\/3743"}],"wp:attachment":[{"href":"https:\/\/susabor.net\/en\/wp-json\/wp\/v2\/media?parent=334"}],"wp:term":[{"taxonomy":"product_brand","embeddable":true,"href":"https:\/\/susabor.net\/en\/wp-json\/wp\/v2\/product_brand?post=334"},{"taxonomy":"product_cat","embeddable":true,"href":"https:\/\/susabor.net\/en\/wp-json\/wp\/v2\/product_cat?post=334"},{"taxonomy":"product_tag","embeddable":true,"href":"https:\/\/susabor.net\/en\/wp-json\/wp\/v2\/product_tag?post=334"}],"curies":[{"name":"wp","href":"https:\/\/api.w.org\/{rel}","templated":true}]}}