{"id":337,"date":"2021-03-08T19:46:38","date_gmt":"2021-03-08T19:46:38","guid":{"rendered":"https:\/\/susabor.net\/producto\/panela-panelin-su-sabor-cane-sugar-x-24oz\/"},"modified":"2025-03-17T16:09:58","modified_gmt":"2025-03-17T16:09:58","slug":"panela-panelin-su-sabor-cane-sugar-x-24oz","status":"publish","type":"product","link":"https:\/\/susabor.net\/en\/product\/panela-panelin-su-sabor-cane-sugar-x-24oz\/","title":{"rendered":"PANELA PANELIN SU SABOR X 24OZ | CAJ. 16 UND."},"content":{"rendered":"<p>Panelin<br \/>\nProducido con jugo de ca\u00f1a de az\u00facar deshidratada<\/p>\n","protected":false},"excerpt":{"rendered":"<p><span style=\"font-weight: 400;\">\u00a0PANELA PANELIN (680 g | Caja de 16 unidades), endulzante 100% natural hecho con jugo de ca\u00f1a de az\u00facar deshidratado. Ideal para darle un toque aut\u00e9ntico y saludable a tus bebidas y recetas favoritas. \u00a1Disfruta de la dulzura m\u00e1s pura!<\/span><\/p>\n","protected":false},"featured_media":3738,"comment_status":"open","ping_status":"closed","template":"","meta":[],"product_brand":[],"product_cat":[36,35],"product_tag":[],"class_list":{"0":"post-337","1":"product","2":"type-product","3":"status-publish","4":"has-post-thumbnail","6":"product_cat-panela","7":"product_cat-sugar","9":"first","10":"instock","11":"shipping-taxable","12":"purchasable","13":"product-type-simple"},"yoast_head":"<!-- This site is optimized with the Yoast SEO plugin v27.3 - https:\/\/yoast.com\/product\/yoast-seo-wordpress\/ -->\n<title>PANELA PANELIN SU SABOR X 24OZ | CAJ. 16 UND. - Su Sabor<\/title>\n<meta name=\"description\" content=\"PANELA PANELIN SU SABOR X 24OZ | CAJ. 16 UND.\" \/>\n<meta name=\"robots\" content=\"index, follow, max-snippet:-1, max-image-preview:large, max-video-preview:-1\" \/>\n<link rel=\"canonical\" href=\"https:\/\/susabor.net\/en\/product\/panela-panelin-su-sabor-cane-sugar-x-24oz\/\" \/>\n<meta property=\"og:locale\" content=\"en_US\" \/>\n<meta property=\"og:type\" content=\"article\" \/>\n<meta property=\"og:title\" content=\"PANELA PANELIN SU SABOR X 24OZ | CAJ. 16 UND. - Su Sabor\" \/>\n<meta property=\"og:description\" content=\"PANELA PANELIN SU SABOR X 24OZ | CAJ. 16 UND.\" \/>\n<meta property=\"og:url\" content=\"https:\/\/susabor.net\/en\/product\/panela-panelin-su-sabor-cane-sugar-x-24oz\/\" \/>\n<meta property=\"og:site_name\" content=\"Su Sabor\" \/>\n<meta property=\"article:publisher\" content=\"https:\/\/www.facebook.com\/susaborlatintaste\" \/>\n<meta property=\"article:modified_time\" content=\"2025-03-17T16:09:58+00:00\" \/>\n<meta property=\"og:image\" content=\"https:\/\/susabor.net\/wp-content\/uploads\/2021\/03\/Panelin-2.jpg\" \/>\n\t<meta property=\"og:image:width\" content=\"1000\" \/>\n\t<meta property=\"og:image:height\" content=\"1000\" \/>\n\t<meta property=\"og:image:type\" content=\"image\/jpeg\" \/>\n<meta name=\"twitter:card\" content=\"summary_large_image\" \/>\n<meta name=\"twitter:label1\" content=\"Est. reading time\" \/>\n\t<meta name=\"twitter:data1\" content=\"1 minute\" \/>\n<script type=\"application\/ld+json\" class=\"yoast-schema-graph\">{\"@context\":\"https:\\\/\\\/schema.org\",\"@graph\":[{\"@type\":\"WebPage\",\"@id\":\"https:\\\/\\\/susabor.net\\\/en\\\/product\\\/panela-panelin-su-sabor-cane-sugar-x-24oz\\\/\",\"url\":\"https:\\\/\\\/susabor.net\\\/en\\\/product\\\/panela-panelin-su-sabor-cane-sugar-x-24oz\\\/\",\"name\":\"PANELA PANELIN SU SABOR X 24OZ | CAJ. 16 UND. - Su Sabor\",\"isPartOf\":{\"@id\":\"https:\\\/\\\/susabor.net\\\/en\\\/#website\"},\"primaryImageOfPage\":{\"@id\":\"https:\\\/\\\/susabor.net\\\/en\\\/product\\\/panela-panelin-su-sabor-cane-sugar-x-24oz\\\/#primaryimage\"},\"image\":{\"@id\":\"https:\\\/\\\/susabor.net\\\/en\\\/product\\\/panela-panelin-su-sabor-cane-sugar-x-24oz\\\/#primaryimage\"},\"thumbnailUrl\":\"https:\\\/\\\/susabor.net\\\/wp-content\\\/uploads\\\/2021\\\/03\\\/Panelin-2.jpg\",\"datePublished\":\"2021-03-08T19:46:38+00:00\",\"dateModified\":\"2025-03-17T16:09:58+00:00\",\"description\":\"PANELA PANELIN SU SABOR X 24OZ | CAJ. 16 UND.\",\"breadcrumb\":{\"@id\":\"https:\\\/\\\/susabor.net\\\/en\\\/product\\\/panela-panelin-su-sabor-cane-sugar-x-24oz\\\/#breadcrumb\"},\"inLanguage\":\"en-US\",\"potentialAction\":[{\"@type\":\"ReadAction\",\"target\":[\"https:\\\/\\\/susabor.net\\\/en\\\/product\\\/panela-panelin-su-sabor-cane-sugar-x-24oz\\\/\"]}]},{\"@type\":\"ImageObject\",\"inLanguage\":\"en-US\",\"@id\":\"https:\\\/\\\/susabor.net\\\/en\\\/product\\\/panela-panelin-su-sabor-cane-sugar-x-24oz\\\/#primaryimage\",\"url\":\"https:\\\/\\\/susabor.net\\\/wp-content\\\/uploads\\\/2021\\\/03\\\/Panelin-2.jpg\",\"contentUrl\":\"https:\\\/\\\/susabor.net\\\/wp-content\\\/uploads\\\/2021\\\/03\\\/Panelin-2.jpg\",\"width\":1000,\"height\":1000,\"caption\":\"PANELA PANELIN SU SABOR X 24OZ | CAJ. 16 UND.\"},{\"@type\":\"BreadcrumbList\",\"@id\":\"https:\\\/\\\/susabor.net\\\/en\\\/product\\\/panela-panelin-su-sabor-cane-sugar-x-24oz\\\/#breadcrumb\",\"itemListElement\":[{\"@type\":\"ListItem\",\"position\":1,\"name\":\"Home\",\"item\":\"https:\\\/\\\/susabor.net\\\/en\\\/\"},{\"@type\":\"ListItem\",\"position\":2,\"name\":\"Products\",\"item\":\"https:\\\/\\\/susabor.net\\\/en\\\/shop\\\/\"},{\"@type\":\"ListItem\",\"position\":3,\"name\":\"PANELA PANELIN SU SABOR X 24OZ | CAJ. 16 UND.\"}]},{\"@type\":\"WebSite\",\"@id\":\"https:\\\/\\\/susabor.net\\\/en\\\/#website\",\"url\":\"https:\\\/\\\/susabor.net\\\/en\\\/\",\"name\":\"susabor.net\",\"description\":\"\",\"potentialAction\":[{\"@type\":\"SearchAction\",\"target\":{\"@type\":\"EntryPoint\",\"urlTemplate\":\"https:\\\/\\\/susabor.net\\\/en\\\/?s={search_term_string}\"},\"query-input\":{\"@type\":\"PropertyValueSpecification\",\"valueRequired\":true,\"valueName\":\"search_term_string\"}}],\"inLanguage\":\"en-US\"}]}<\/script>\n<!-- \/ Yoast SEO plugin. -->","yoast_head_json":{"title":"PANELA PANELIN SU SABOR X 24OZ | CAJ. 16 UND. - Su Sabor","description":"PANELA PANELIN SU SABOR X 24OZ | CAJ. 16 UND.","robots":{"index":"index","follow":"follow","max-snippet":"max-snippet:-1","max-image-preview":"max-image-preview:large","max-video-preview":"max-video-preview:-1"},"canonical":"https:\/\/susabor.net\/en\/product\/panela-panelin-su-sabor-cane-sugar-x-24oz\/","og_locale":"en_US","og_type":"article","og_title":"PANELA PANELIN SU SABOR X 24OZ | CAJ. 16 UND. - Su Sabor","og_description":"PANELA PANELIN SU SABOR X 24OZ | CAJ. 16 UND.","og_url":"https:\/\/susabor.net\/en\/product\/panela-panelin-su-sabor-cane-sugar-x-24oz\/","og_site_name":"Su Sabor","article_publisher":"https:\/\/www.facebook.com\/susaborlatintaste","article_modified_time":"2025-03-17T16:09:58+00:00","og_image":[{"width":1000,"height":1000,"url":"https:\/\/susabor.net\/wp-content\/uploads\/2021\/03\/Panelin-2.jpg","type":"image\/jpeg"}],"twitter_card":"summary_large_image","twitter_misc":{"Est. reading time":"1 minute"},"schema":{"@context":"https:\/\/schema.org","@graph":[{"@type":"WebPage","@id":"https:\/\/susabor.net\/en\/product\/panela-panelin-su-sabor-cane-sugar-x-24oz\/","url":"https:\/\/susabor.net\/en\/product\/panela-panelin-su-sabor-cane-sugar-x-24oz\/","name":"PANELA PANELIN SU SABOR X 24OZ | CAJ. 16 UND. - Su Sabor","isPartOf":{"@id":"https:\/\/susabor.net\/en\/#website"},"primaryImageOfPage":{"@id":"https:\/\/susabor.net\/en\/product\/panela-panelin-su-sabor-cane-sugar-x-24oz\/#primaryimage"},"image":{"@id":"https:\/\/susabor.net\/en\/product\/panela-panelin-su-sabor-cane-sugar-x-24oz\/#primaryimage"},"thumbnailUrl":"https:\/\/susabor.net\/wp-content\/uploads\/2021\/03\/Panelin-2.jpg","datePublished":"2021-03-08T19:46:38+00:00","dateModified":"2025-03-17T16:09:58+00:00","description":"PANELA PANELIN SU SABOR X 24OZ | CAJ. 16 UND.","breadcrumb":{"@id":"https:\/\/susabor.net\/en\/product\/panela-panelin-su-sabor-cane-sugar-x-24oz\/#breadcrumb"},"inLanguage":"en-US","potentialAction":[{"@type":"ReadAction","target":["https:\/\/susabor.net\/en\/product\/panela-panelin-su-sabor-cane-sugar-x-24oz\/"]}]},{"@type":"ImageObject","inLanguage":"en-US","@id":"https:\/\/susabor.net\/en\/product\/panela-panelin-su-sabor-cane-sugar-x-24oz\/#primaryimage","url":"https:\/\/susabor.net\/wp-content\/uploads\/2021\/03\/Panelin-2.jpg","contentUrl":"https:\/\/susabor.net\/wp-content\/uploads\/2021\/03\/Panelin-2.jpg","width":1000,"height":1000,"caption":"PANELA PANELIN SU SABOR X 24OZ | CAJ. 16 UND."},{"@type":"BreadcrumbList","@id":"https:\/\/susabor.net\/en\/product\/panela-panelin-su-sabor-cane-sugar-x-24oz\/#breadcrumb","itemListElement":[{"@type":"ListItem","position":1,"name":"Home","item":"https:\/\/susabor.net\/en\/"},{"@type":"ListItem","position":2,"name":"Products","item":"https:\/\/susabor.net\/en\/shop\/"},{"@type":"ListItem","position":3,"name":"PANELA PANELIN SU SABOR X 24OZ | CAJ. 16 UND."}]},{"@type":"WebSite","@id":"https:\/\/susabor.net\/en\/#website","url":"https:\/\/susabor.net\/en\/","name":"susabor.net","description":"","potentialAction":[{"@type":"SearchAction","target":{"@type":"EntryPoint","urlTemplate":"https:\/\/susabor.net\/en\/?s={search_term_string}"},"query-input":{"@type":"PropertyValueSpecification","valueRequired":true,"valueName":"search_term_string"}}],"inLanguage":"en-US"}]}},"_links":{"self":[{"href":"https:\/\/susabor.net\/en\/wp-json\/wp\/v2\/product\/337","targetHints":{"allow":["GET"]}}],"collection":[{"href":"https:\/\/susabor.net\/en\/wp-json\/wp\/v2\/product"}],"about":[{"href":"https:\/\/susabor.net\/en\/wp-json\/wp\/v2\/types\/product"}],"replies":[{"embeddable":true,"href":"https:\/\/susabor.net\/en\/wp-json\/wp\/v2\/comments?post=337"}],"version-history":[{"count":1,"href":"https:\/\/susabor.net\/en\/wp-json\/wp\/v2\/product\/337\/revisions"}],"predecessor-version":[{"id":3741,"href":"https:\/\/susabor.net\/en\/wp-json\/wp\/v2\/product\/337\/revisions\/3741"}],"wp:featuredmedia":[{"embeddable":true,"href":"https:\/\/susabor.net\/en\/wp-json\/wp\/v2\/media\/3738"}],"wp:attachment":[{"href":"https:\/\/susabor.net\/en\/wp-json\/wp\/v2\/media?parent=337"}],"wp:term":[{"taxonomy":"product_brand","embeddable":true,"href":"https:\/\/susabor.net\/en\/wp-json\/wp\/v2\/product_brand?post=337"},{"taxonomy":"product_cat","embeddable":true,"href":"https:\/\/susabor.net\/en\/wp-json\/wp\/v2\/product_cat?post=337"},{"taxonomy":"product_tag","embeddable":true,"href":"https:\/\/susabor.net\/en\/wp-json\/wp\/v2\/product_tag?post=337"}],"curies":[{"name":"wp","href":"https:\/\/api.w.org\/{rel}","templated":true}]}}