{"id":3384,"date":"2024-07-10T20:40:17","date_gmt":"2024-07-10T20:40:17","guid":{"rendered":"https:\/\/susabor.net\/?post_type=product&#038;p=3384"},"modified":"2024-07-10T20:40:17","modified_gmt":"2024-07-10T20:40:17","slug":"frizado-mini-almojabanas-1-unidad-10-58-oz-caja-master-x-10","status":"publish","type":"product","link":"https:\/\/susabor.net\/en\/product\/frizado-mini-almojabanas-1-unidad-10-58-oz-caja-master-x-10\/","title":{"rendered":"FRIZADO MINI ALMOJ\u00c1BANAS 1 UNIDAD 10.58 OZ CAJA M\u00c1STER x 10"},"content":{"rendered":"<p><span style=\"font-weight: 400;\">FRIZADO MINI ALMOJ\u00c1BANAS 1 UNIDAD 10.58 OZ CAJA M\u00c1STER x 10<\/span><\/p>\n","protected":false},"excerpt":{"rendered":"<p>White Corn Cake 100% Corn<br \/>\n10 units 29 oz Master Case x 14<\/p>\n","protected":false},"featured_media":3387,"comment_status":"open","ping_status":"closed","template":"","meta":[],"product_brand":[],"product_cat":[31],"product_tag":[],"class_list":{"0":"post-3384","1":"product","2":"type-product","3":"status-publish","4":"has-post-thumbnail","6":"product_cat-congelados","8":"first","9":"instock","10":"shipping-taxable","11":"purchasable","12":"product-type-simple"},"yoast_head":"<!-- This site is optimized with the Yoast SEO plugin v27.3 - https:\/\/yoast.com\/product\/yoast-seo-wordpress\/ -->\n<title>FRIZADO MINI ALMOJ\u00c1BANAS 1 UNIDAD 10.58 OZ CAJA M\u00c1STER x 10 - Su Sabor<\/title>\n<meta name=\"description\" content=\"FRIZADO MINI ALMOJ\u00c1BANAS 1 UNIDAD 10.58 OZ CAJA M\u00c1STER x 10\" \/>\n<meta name=\"robots\" content=\"index, follow, max-snippet:-1, max-image-preview:large, max-video-preview:-1\" \/>\n<link rel=\"canonical\" href=\"https:\/\/susabor.net\/en\/product\/frizado-mini-almojabanas-1-unidad-10-58-oz-caja-master-x-10\/\" \/>\n<meta property=\"og:locale\" content=\"en_US\" \/>\n<meta property=\"og:type\" content=\"article\" \/>\n<meta property=\"og:title\" content=\"FRIZADO MINI ALMOJ\u00c1BANAS 1 UNIDAD 10.58 OZ CAJA M\u00c1STER x 10 - Su Sabor\" \/>\n<meta property=\"og:description\" content=\"FRIZADO MINI ALMOJ\u00c1BANAS 1 UNIDAD 10.58 OZ CAJA M\u00c1STER x 10\" \/>\n<meta property=\"og:url\" content=\"https:\/\/susabor.net\/en\/product\/frizado-mini-almojabanas-1-unidad-10-58-oz-caja-master-x-10\/\" \/>\n<meta property=\"og:site_name\" content=\"Su Sabor\" \/>\n<meta property=\"article:publisher\" content=\"https:\/\/www.facebook.com\/susaborlatintaste\" \/>\n<meta property=\"og:image\" content=\"https:\/\/susabor.net\/wp-content\/uploads\/2024\/07\/7707353201407.jpg\" \/>\n\t<meta property=\"og:image:width\" content=\"800\" \/>\n\t<meta property=\"og:image:height\" content=\"800\" \/>\n\t<meta property=\"og:image:type\" content=\"image\/jpeg\" \/>\n<meta name=\"twitter:card\" content=\"summary_large_image\" \/>\n<meta name=\"twitter:label1\" content=\"Est. reading time\" \/>\n\t<meta name=\"twitter:data1\" content=\"1 minute\" \/>\n<script type=\"application\/ld+json\" class=\"yoast-schema-graph\">{\"@context\":\"https:\\\/\\\/schema.org\",\"@graph\":[{\"@type\":\"WebPage\",\"@id\":\"https:\\\/\\\/susabor.net\\\/en\\\/product\\\/frizado-mini-almojabanas-1-unidad-10-58-oz-caja-master-x-10\\\/\",\"url\":\"https:\\\/\\\/susabor.net\\\/en\\\/product\\\/frizado-mini-almojabanas-1-unidad-10-58-oz-caja-master-x-10\\\/\",\"name\":\"FRIZADO MINI ALMOJ\u00c1BANAS 1 UNIDAD 10.58 OZ CAJA M\u00c1STER x 10 - Su Sabor\",\"isPartOf\":{\"@id\":\"https:\\\/\\\/susabor.net\\\/en\\\/#website\"},\"primaryImageOfPage\":{\"@id\":\"https:\\\/\\\/susabor.net\\\/en\\\/product\\\/frizado-mini-almojabanas-1-unidad-10-58-oz-caja-master-x-10\\\/#primaryimage\"},\"image\":{\"@id\":\"https:\\\/\\\/susabor.net\\\/en\\\/product\\\/frizado-mini-almojabanas-1-unidad-10-58-oz-caja-master-x-10\\\/#primaryimage\"},\"thumbnailUrl\":\"https:\\\/\\\/susabor.net\\\/wp-content\\\/uploads\\\/2024\\\/07\\\/7707353201407.jpg\",\"datePublished\":\"2024-07-10T20:40:17+00:00\",\"description\":\"FRIZADO MINI ALMOJ\u00c1BANAS 1 UNIDAD 10.58 OZ CAJA M\u00c1STER x 10\",\"breadcrumb\":{\"@id\":\"https:\\\/\\\/susabor.net\\\/en\\\/product\\\/frizado-mini-almojabanas-1-unidad-10-58-oz-caja-master-x-10\\\/#breadcrumb\"},\"inLanguage\":\"en-US\",\"potentialAction\":[{\"@type\":\"ReadAction\",\"target\":[\"https:\\\/\\\/susabor.net\\\/en\\\/product\\\/frizado-mini-almojabanas-1-unidad-10-58-oz-caja-master-x-10\\\/\"]}]},{\"@type\":\"ImageObject\",\"inLanguage\":\"en-US\",\"@id\":\"https:\\\/\\\/susabor.net\\\/en\\\/product\\\/frizado-mini-almojabanas-1-unidad-10-58-oz-caja-master-x-10\\\/#primaryimage\",\"url\":\"https:\\\/\\\/susabor.net\\\/wp-content\\\/uploads\\\/2024\\\/07\\\/7707353201407.jpg\",\"contentUrl\":\"https:\\\/\\\/susabor.net\\\/wp-content\\\/uploads\\\/2024\\\/07\\\/7707353201407.jpg\",\"width\":800,\"height\":800,\"caption\":\"FRIZADO MINI ALMOJ\u00c1BANAS 1 UNIDAD 10.58 OZ CAJA M\u00c1STER x 10\"},{\"@type\":\"BreadcrumbList\",\"@id\":\"https:\\\/\\\/susabor.net\\\/en\\\/product\\\/frizado-mini-almojabanas-1-unidad-10-58-oz-caja-master-x-10\\\/#breadcrumb\",\"itemListElement\":[{\"@type\":\"ListItem\",\"position\":1,\"name\":\"Home\",\"item\":\"https:\\\/\\\/susabor.net\\\/en\\\/\"},{\"@type\":\"ListItem\",\"position\":2,\"name\":\"Products\",\"item\":\"https:\\\/\\\/susabor.net\\\/en\\\/shop\\\/\"},{\"@type\":\"ListItem\",\"position\":3,\"name\":\"FRIZADO MINI ALMOJ\u00c1BANAS 1 UNIDAD 10.58 OZ CAJA M\u00c1STER x 10\"}]},{\"@type\":\"WebSite\",\"@id\":\"https:\\\/\\\/susabor.net\\\/en\\\/#website\",\"url\":\"https:\\\/\\\/susabor.net\\\/en\\\/\",\"name\":\"susabor.net\",\"description\":\"\",\"potentialAction\":[{\"@type\":\"SearchAction\",\"target\":{\"@type\":\"EntryPoint\",\"urlTemplate\":\"https:\\\/\\\/susabor.net\\\/en\\\/?s={search_term_string}\"},\"query-input\":{\"@type\":\"PropertyValueSpecification\",\"valueRequired\":true,\"valueName\":\"search_term_string\"}}],\"inLanguage\":\"en-US\"}]}<\/script>\n<!-- \/ Yoast SEO plugin. -->","yoast_head_json":{"title":"FRIZADO MINI ALMOJ\u00c1BANAS 1 UNIDAD 10.58 OZ CAJA M\u00c1STER x 10 - Su Sabor","description":"FRIZADO MINI ALMOJ\u00c1BANAS 1 UNIDAD 10.58 OZ CAJA M\u00c1STER x 10","robots":{"index":"index","follow":"follow","max-snippet":"max-snippet:-1","max-image-preview":"max-image-preview:large","max-video-preview":"max-video-preview:-1"},"canonical":"https:\/\/susabor.net\/en\/product\/frizado-mini-almojabanas-1-unidad-10-58-oz-caja-master-x-10\/","og_locale":"en_US","og_type":"article","og_title":"FRIZADO MINI ALMOJ\u00c1BANAS 1 UNIDAD 10.58 OZ CAJA M\u00c1STER x 10 - Su Sabor","og_description":"FRIZADO MINI ALMOJ\u00c1BANAS 1 UNIDAD 10.58 OZ CAJA M\u00c1STER x 10","og_url":"https:\/\/susabor.net\/en\/product\/frizado-mini-almojabanas-1-unidad-10-58-oz-caja-master-x-10\/","og_site_name":"Su Sabor","article_publisher":"https:\/\/www.facebook.com\/susaborlatintaste","og_image":[{"width":800,"height":800,"url":"https:\/\/susabor.net\/wp-content\/uploads\/2024\/07\/7707353201407.jpg","type":"image\/jpeg"}],"twitter_card":"summary_large_image","twitter_misc":{"Est. reading time":"1 minute"},"schema":{"@context":"https:\/\/schema.org","@graph":[{"@type":"WebPage","@id":"https:\/\/susabor.net\/en\/product\/frizado-mini-almojabanas-1-unidad-10-58-oz-caja-master-x-10\/","url":"https:\/\/susabor.net\/en\/product\/frizado-mini-almojabanas-1-unidad-10-58-oz-caja-master-x-10\/","name":"FRIZADO MINI ALMOJ\u00c1BANAS 1 UNIDAD 10.58 OZ CAJA M\u00c1STER x 10 - Su Sabor","isPartOf":{"@id":"https:\/\/susabor.net\/en\/#website"},"primaryImageOfPage":{"@id":"https:\/\/susabor.net\/en\/product\/frizado-mini-almojabanas-1-unidad-10-58-oz-caja-master-x-10\/#primaryimage"},"image":{"@id":"https:\/\/susabor.net\/en\/product\/frizado-mini-almojabanas-1-unidad-10-58-oz-caja-master-x-10\/#primaryimage"},"thumbnailUrl":"https:\/\/susabor.net\/wp-content\/uploads\/2024\/07\/7707353201407.jpg","datePublished":"2024-07-10T20:40:17+00:00","description":"FRIZADO MINI ALMOJ\u00c1BANAS 1 UNIDAD 10.58 OZ CAJA M\u00c1STER x 10","breadcrumb":{"@id":"https:\/\/susabor.net\/en\/product\/frizado-mini-almojabanas-1-unidad-10-58-oz-caja-master-x-10\/#breadcrumb"},"inLanguage":"en-US","potentialAction":[{"@type":"ReadAction","target":["https:\/\/susabor.net\/en\/product\/frizado-mini-almojabanas-1-unidad-10-58-oz-caja-master-x-10\/"]}]},{"@type":"ImageObject","inLanguage":"en-US","@id":"https:\/\/susabor.net\/en\/product\/frizado-mini-almojabanas-1-unidad-10-58-oz-caja-master-x-10\/#primaryimage","url":"https:\/\/susabor.net\/wp-content\/uploads\/2024\/07\/7707353201407.jpg","contentUrl":"https:\/\/susabor.net\/wp-content\/uploads\/2024\/07\/7707353201407.jpg","width":800,"height":800,"caption":"FRIZADO MINI ALMOJ\u00c1BANAS 1 UNIDAD 10.58 OZ CAJA M\u00c1STER x 10"},{"@type":"BreadcrumbList","@id":"https:\/\/susabor.net\/en\/product\/frizado-mini-almojabanas-1-unidad-10-58-oz-caja-master-x-10\/#breadcrumb","itemListElement":[{"@type":"ListItem","position":1,"name":"Home","item":"https:\/\/susabor.net\/en\/"},{"@type":"ListItem","position":2,"name":"Products","item":"https:\/\/susabor.net\/en\/shop\/"},{"@type":"ListItem","position":3,"name":"FRIZADO MINI ALMOJ\u00c1BANAS 1 UNIDAD 10.58 OZ CAJA M\u00c1STER x 10"}]},{"@type":"WebSite","@id":"https:\/\/susabor.net\/en\/#website","url":"https:\/\/susabor.net\/en\/","name":"susabor.net","description":"","potentialAction":[{"@type":"SearchAction","target":{"@type":"EntryPoint","urlTemplate":"https:\/\/susabor.net\/en\/?s={search_term_string}"},"query-input":{"@type":"PropertyValueSpecification","valueRequired":true,"valueName":"search_term_string"}}],"inLanguage":"en-US"}]}},"_links":{"self":[{"href":"https:\/\/susabor.net\/en\/wp-json\/wp\/v2\/product\/3384","targetHints":{"allow":["GET"]}}],"collection":[{"href":"https:\/\/susabor.net\/en\/wp-json\/wp\/v2\/product"}],"about":[{"href":"https:\/\/susabor.net\/en\/wp-json\/wp\/v2\/types\/product"}],"replies":[{"embeddable":true,"href":"https:\/\/susabor.net\/en\/wp-json\/wp\/v2\/comments?post=3384"}],"version-history":[{"count":3,"href":"https:\/\/susabor.net\/en\/wp-json\/wp\/v2\/product\/3384\/revisions"}],"predecessor-version":[{"id":3388,"href":"https:\/\/susabor.net\/en\/wp-json\/wp\/v2\/product\/3384\/revisions\/3388"}],"wp:featuredmedia":[{"embeddable":true,"href":"https:\/\/susabor.net\/en\/wp-json\/wp\/v2\/media\/3387"}],"wp:attachment":[{"href":"https:\/\/susabor.net\/en\/wp-json\/wp\/v2\/media?parent=3384"}],"wp:term":[{"taxonomy":"product_brand","embeddable":true,"href":"https:\/\/susabor.net\/en\/wp-json\/wp\/v2\/product_brand?post=3384"},{"taxonomy":"product_cat","embeddable":true,"href":"https:\/\/susabor.net\/en\/wp-json\/wp\/v2\/product_cat?post=3384"},{"taxonomy":"product_tag","embeddable":true,"href":"https:\/\/susabor.net\/en\/wp-json\/wp\/v2\/product_tag?post=3384"}],"curies":[{"name":"wp","href":"https:\/\/api.w.org\/{rel}","templated":true}]}}