{"id":826,"date":"2022-01-12T15:58:54","date_gmt":"2022-01-12T15:58:54","guid":{"rendered":"https:\/\/susabor.net\/producto\/piloncillo-de-panela-producido-con-jugo-de-cana-de-azucar-deshidratada1-unidad-454-gr-caja-master-x-25\/"},"modified":"2025-03-17T15:59:30","modified_gmt":"2025-03-17T15:59:30","slug":"piloncillo-de-panela-producido-con-jugo-de-cana-de-azucar-deshidratada1-unidad-454-gr-caja-master-x-25","status":"publish","type":"product","link":"https:\/\/susabor.net\/en\/product\/piloncillo-de-panela-producido-con-jugo-de-cana-de-azucar-deshidratada1-unidad-454-gr-caja-master-x-25\/","title":{"rendered":"PANELA PILONCILLOS SU SABOR X 8 OZ | CAJ. 25 UND"},"content":{"rendered":"<p>Piloncillo de Panela producido con jugo de ca\u00f1a de az\u00facar deshidratada<\/p>\n","protected":false},"excerpt":{"rendered":"<p><span style=\"font-weight: 400;\">Panela Piloncillos Su Sabor est\u00e1 elaborada con jugo de ca\u00f1a de az\u00facar deshidratado, brindando un dulce aut\u00e9ntico y natural. En presentaciones de 8 oz, es perfecta para aquellos que buscan un toque tradicional en su cocina diaria.<\/span><span style=\"font-weight: 400;\"><br \/>\n<\/span><span style=\"font-weight: 400;\">Cada caja incluye 25 unidades, ideal para mantener el sabor de la ca\u00f1a siempre a mano y disfrutar en familia.<\/span><\/p>\n","protected":false},"featured_media":3727,"comment_status":"open","ping_status":"closed","template":"","meta":[],"product_brand":[],"product_cat":[36,35],"product_tag":[],"class_list":{"0":"post-826","1":"product","2":"type-product","3":"status-publish","4":"has-post-thumbnail","6":"product_cat-panela","7":"product_cat-sugar","9":"first","10":"instock","11":"shipping-taxable","12":"purchasable","13":"product-type-simple"},"yoast_head":"<!-- This site is optimized with the Yoast SEO plugin v27.3 - https:\/\/yoast.com\/product\/yoast-seo-wordpress\/ -->\n<title>PANELA PILONCILLOS SU SABOR X 8 OZ | CAJ. 25 UND - Su Sabor<\/title>\n<meta name=\"description\" content=\"PANELA PILONCILLOS SU SABOR X 8 OZ | CAJ. 25 UND\" \/>\n<meta name=\"robots\" content=\"index, follow, max-snippet:-1, max-image-preview:large, max-video-preview:-1\" \/>\n<link rel=\"canonical\" href=\"https:\/\/susabor.net\/en\/product\/piloncillo-de-panela-producido-con-jugo-de-cana-de-azucar-deshidratada1-unidad-454-gr-caja-master-x-25\/\" \/>\n<meta property=\"og:locale\" content=\"en_US\" \/>\n<meta property=\"og:type\" content=\"article\" \/>\n<meta property=\"og:title\" content=\"PANELA PILONCILLOS SU SABOR X 8 OZ | CAJ. 25 UND - Su Sabor\" \/>\n<meta property=\"og:description\" content=\"PANELA PILONCILLOS SU SABOR X 8 OZ | CAJ. 25 UND\" \/>\n<meta property=\"og:url\" content=\"https:\/\/susabor.net\/en\/product\/piloncillo-de-panela-producido-con-jugo-de-cana-de-azucar-deshidratada1-unidad-454-gr-caja-master-x-25\/\" \/>\n<meta property=\"og:site_name\" content=\"Su Sabor\" \/>\n<meta property=\"article:publisher\" content=\"https:\/\/www.facebook.com\/susaborlatintaste\" \/>\n<meta property=\"article:modified_time\" content=\"2025-03-17T15:59:30+00:00\" \/>\n<meta property=\"og:image\" content=\"https:\/\/susabor.net\/wp-content\/uploads\/2022\/01\/Piloncillos_2.jpg\" \/>\n\t<meta property=\"og:image:width\" content=\"1000\" \/>\n\t<meta property=\"og:image:height\" content=\"1000\" \/>\n\t<meta property=\"og:image:type\" content=\"image\/jpeg\" \/>\n<meta name=\"twitter:card\" content=\"summary_large_image\" \/>\n<meta name=\"twitter:label1\" content=\"Est. reading time\" \/>\n\t<meta name=\"twitter:data1\" content=\"1 minute\" \/>\n<script type=\"application\/ld+json\" class=\"yoast-schema-graph\">{\"@context\":\"https:\\\/\\\/schema.org\",\"@graph\":[{\"@type\":\"WebPage\",\"@id\":\"https:\\\/\\\/susabor.net\\\/en\\\/product\\\/piloncillo-de-panela-producido-con-jugo-de-cana-de-azucar-deshidratada1-unidad-454-gr-caja-master-x-25\\\/\",\"url\":\"https:\\\/\\\/susabor.net\\\/en\\\/product\\\/piloncillo-de-panela-producido-con-jugo-de-cana-de-azucar-deshidratada1-unidad-454-gr-caja-master-x-25\\\/\",\"name\":\"PANELA PILONCILLOS SU SABOR X 8 OZ | CAJ. 25 UND - Su Sabor\",\"isPartOf\":{\"@id\":\"https:\\\/\\\/susabor.net\\\/en\\\/#website\"},\"primaryImageOfPage\":{\"@id\":\"https:\\\/\\\/susabor.net\\\/en\\\/product\\\/piloncillo-de-panela-producido-con-jugo-de-cana-de-azucar-deshidratada1-unidad-454-gr-caja-master-x-25\\\/#primaryimage\"},\"image\":{\"@id\":\"https:\\\/\\\/susabor.net\\\/en\\\/product\\\/piloncillo-de-panela-producido-con-jugo-de-cana-de-azucar-deshidratada1-unidad-454-gr-caja-master-x-25\\\/#primaryimage\"},\"thumbnailUrl\":\"https:\\\/\\\/susabor.net\\\/wp-content\\\/uploads\\\/2022\\\/01\\\/Piloncillos_2.jpg\",\"datePublished\":\"2022-01-12T15:58:54+00:00\",\"dateModified\":\"2025-03-17T15:59:30+00:00\",\"description\":\"PANELA PILONCILLOS SU SABOR X 8 OZ | CAJ. 25 UND\",\"breadcrumb\":{\"@id\":\"https:\\\/\\\/susabor.net\\\/en\\\/product\\\/piloncillo-de-panela-producido-con-jugo-de-cana-de-azucar-deshidratada1-unidad-454-gr-caja-master-x-25\\\/#breadcrumb\"},\"inLanguage\":\"en-US\",\"potentialAction\":[{\"@type\":\"ReadAction\",\"target\":[\"https:\\\/\\\/susabor.net\\\/en\\\/product\\\/piloncillo-de-panela-producido-con-jugo-de-cana-de-azucar-deshidratada1-unidad-454-gr-caja-master-x-25\\\/\"]}]},{\"@type\":\"ImageObject\",\"inLanguage\":\"en-US\",\"@id\":\"https:\\\/\\\/susabor.net\\\/en\\\/product\\\/piloncillo-de-panela-producido-con-jugo-de-cana-de-azucar-deshidratada1-unidad-454-gr-caja-master-x-25\\\/#primaryimage\",\"url\":\"https:\\\/\\\/susabor.net\\\/wp-content\\\/uploads\\\/2022\\\/01\\\/Piloncillos_2.jpg\",\"contentUrl\":\"https:\\\/\\\/susabor.net\\\/wp-content\\\/uploads\\\/2022\\\/01\\\/Piloncillos_2.jpg\",\"width\":1000,\"height\":1000,\"caption\":\"PANELA PILONCILLOS SU SABOR X 8 OZ | CAJ. 25 UND\"},{\"@type\":\"BreadcrumbList\",\"@id\":\"https:\\\/\\\/susabor.net\\\/en\\\/product\\\/piloncillo-de-panela-producido-con-jugo-de-cana-de-azucar-deshidratada1-unidad-454-gr-caja-master-x-25\\\/#breadcrumb\",\"itemListElement\":[{\"@type\":\"ListItem\",\"position\":1,\"name\":\"Home\",\"item\":\"https:\\\/\\\/susabor.net\\\/en\\\/\"},{\"@type\":\"ListItem\",\"position\":2,\"name\":\"Products\",\"item\":\"https:\\\/\\\/susabor.net\\\/en\\\/shop\\\/\"},{\"@type\":\"ListItem\",\"position\":3,\"name\":\"PANELA PILONCILLOS SU SABOR X 8 OZ | CAJ. 25 UND\"}]},{\"@type\":\"WebSite\",\"@id\":\"https:\\\/\\\/susabor.net\\\/en\\\/#website\",\"url\":\"https:\\\/\\\/susabor.net\\\/en\\\/\",\"name\":\"susabor.net\",\"description\":\"\",\"potentialAction\":[{\"@type\":\"SearchAction\",\"target\":{\"@type\":\"EntryPoint\",\"urlTemplate\":\"https:\\\/\\\/susabor.net\\\/en\\\/?s={search_term_string}\"},\"query-input\":{\"@type\":\"PropertyValueSpecification\",\"valueRequired\":true,\"valueName\":\"search_term_string\"}}],\"inLanguage\":\"en-US\"}]}<\/script>\n<!-- \/ Yoast SEO plugin. -->","yoast_head_json":{"title":"PANELA PILONCILLOS SU SABOR X 8 OZ | CAJ. 25 UND - Su Sabor","description":"PANELA PILONCILLOS SU SABOR X 8 OZ | CAJ. 25 UND","robots":{"index":"index","follow":"follow","max-snippet":"max-snippet:-1","max-image-preview":"max-image-preview:large","max-video-preview":"max-video-preview:-1"},"canonical":"https:\/\/susabor.net\/en\/product\/piloncillo-de-panela-producido-con-jugo-de-cana-de-azucar-deshidratada1-unidad-454-gr-caja-master-x-25\/","og_locale":"en_US","og_type":"article","og_title":"PANELA PILONCILLOS SU SABOR X 8 OZ | CAJ. 25 UND - Su Sabor","og_description":"PANELA PILONCILLOS SU SABOR X 8 OZ | CAJ. 25 UND","og_url":"https:\/\/susabor.net\/en\/product\/piloncillo-de-panela-producido-con-jugo-de-cana-de-azucar-deshidratada1-unidad-454-gr-caja-master-x-25\/","og_site_name":"Su Sabor","article_publisher":"https:\/\/www.facebook.com\/susaborlatintaste","article_modified_time":"2025-03-17T15:59:30+00:00","og_image":[{"width":1000,"height":1000,"url":"https:\/\/susabor.net\/wp-content\/uploads\/2022\/01\/Piloncillos_2.jpg","type":"image\/jpeg"}],"twitter_card":"summary_large_image","twitter_misc":{"Est. reading time":"1 minute"},"schema":{"@context":"https:\/\/schema.org","@graph":[{"@type":"WebPage","@id":"https:\/\/susabor.net\/en\/product\/piloncillo-de-panela-producido-con-jugo-de-cana-de-azucar-deshidratada1-unidad-454-gr-caja-master-x-25\/","url":"https:\/\/susabor.net\/en\/product\/piloncillo-de-panela-producido-con-jugo-de-cana-de-azucar-deshidratada1-unidad-454-gr-caja-master-x-25\/","name":"PANELA PILONCILLOS SU SABOR X 8 OZ | CAJ. 25 UND - Su Sabor","isPartOf":{"@id":"https:\/\/susabor.net\/en\/#website"},"primaryImageOfPage":{"@id":"https:\/\/susabor.net\/en\/product\/piloncillo-de-panela-producido-con-jugo-de-cana-de-azucar-deshidratada1-unidad-454-gr-caja-master-x-25\/#primaryimage"},"image":{"@id":"https:\/\/susabor.net\/en\/product\/piloncillo-de-panela-producido-con-jugo-de-cana-de-azucar-deshidratada1-unidad-454-gr-caja-master-x-25\/#primaryimage"},"thumbnailUrl":"https:\/\/susabor.net\/wp-content\/uploads\/2022\/01\/Piloncillos_2.jpg","datePublished":"2022-01-12T15:58:54+00:00","dateModified":"2025-03-17T15:59:30+00:00","description":"PANELA PILONCILLOS SU SABOR X 8 OZ | CAJ. 25 UND","breadcrumb":{"@id":"https:\/\/susabor.net\/en\/product\/piloncillo-de-panela-producido-con-jugo-de-cana-de-azucar-deshidratada1-unidad-454-gr-caja-master-x-25\/#breadcrumb"},"inLanguage":"en-US","potentialAction":[{"@type":"ReadAction","target":["https:\/\/susabor.net\/en\/product\/piloncillo-de-panela-producido-con-jugo-de-cana-de-azucar-deshidratada1-unidad-454-gr-caja-master-x-25\/"]}]},{"@type":"ImageObject","inLanguage":"en-US","@id":"https:\/\/susabor.net\/en\/product\/piloncillo-de-panela-producido-con-jugo-de-cana-de-azucar-deshidratada1-unidad-454-gr-caja-master-x-25\/#primaryimage","url":"https:\/\/susabor.net\/wp-content\/uploads\/2022\/01\/Piloncillos_2.jpg","contentUrl":"https:\/\/susabor.net\/wp-content\/uploads\/2022\/01\/Piloncillos_2.jpg","width":1000,"height":1000,"caption":"PANELA PILONCILLOS SU SABOR X 8 OZ | CAJ. 25 UND"},{"@type":"BreadcrumbList","@id":"https:\/\/susabor.net\/en\/product\/piloncillo-de-panela-producido-con-jugo-de-cana-de-azucar-deshidratada1-unidad-454-gr-caja-master-x-25\/#breadcrumb","itemListElement":[{"@type":"ListItem","position":1,"name":"Home","item":"https:\/\/susabor.net\/en\/"},{"@type":"ListItem","position":2,"name":"Products","item":"https:\/\/susabor.net\/en\/shop\/"},{"@type":"ListItem","position":3,"name":"PANELA PILONCILLOS SU SABOR X 8 OZ | CAJ. 25 UND"}]},{"@type":"WebSite","@id":"https:\/\/susabor.net\/en\/#website","url":"https:\/\/susabor.net\/en\/","name":"susabor.net","description":"","potentialAction":[{"@type":"SearchAction","target":{"@type":"EntryPoint","urlTemplate":"https:\/\/susabor.net\/en\/?s={search_term_string}"},"query-input":{"@type":"PropertyValueSpecification","valueRequired":true,"valueName":"search_term_string"}}],"inLanguage":"en-US"}]}},"_links":{"self":[{"href":"https:\/\/susabor.net\/en\/wp-json\/wp\/v2\/product\/826","targetHints":{"allow":["GET"]}}],"collection":[{"href":"https:\/\/susabor.net\/en\/wp-json\/wp\/v2\/product"}],"about":[{"href":"https:\/\/susabor.net\/en\/wp-json\/wp\/v2\/types\/product"}],"replies":[{"embeddable":true,"href":"https:\/\/susabor.net\/en\/wp-json\/wp\/v2\/comments?post=826"}],"version-history":[{"count":2,"href":"https:\/\/susabor.net\/en\/wp-json\/wp\/v2\/product\/826\/revisions"}],"predecessor-version":[{"id":3731,"href":"https:\/\/susabor.net\/en\/wp-json\/wp\/v2\/product\/826\/revisions\/3731"}],"wp:featuredmedia":[{"embeddable":true,"href":"https:\/\/susabor.net\/en\/wp-json\/wp\/v2\/media\/3727"}],"wp:attachment":[{"href":"https:\/\/susabor.net\/en\/wp-json\/wp\/v2\/media?parent=826"}],"wp:term":[{"taxonomy":"product_brand","embeddable":true,"href":"https:\/\/susabor.net\/en\/wp-json\/wp\/v2\/product_brand?post=826"},{"taxonomy":"product_cat","embeddable":true,"href":"https:\/\/susabor.net\/en\/wp-json\/wp\/v2\/product_cat?post=826"},{"taxonomy":"product_tag","embeddable":true,"href":"https:\/\/susabor.net\/en\/wp-json\/wp\/v2\/product_tag?post=826"}],"curies":[{"name":"wp","href":"https:\/\/api.w.org\/{rel}","templated":true}]}}